{"id":15,"date":"2018-04-09T09:53:49","date_gmt":"2018-04-09T07:53:49","guid":{"rendered":"http:\/\/www.atelier-autruche-chapeaux.com\/?page_id=15"},"modified":"2026-02-19T18:23:27","modified_gmt":"2026-02-19T17:23:27","slug":"a-propos","status":"publish","type":"page","link":"https:\/\/www.atelier-autruche-chapeaux.com\/index.php\/a-propos\/","title":{"rendered":"A propos"},"content":{"rendered":"\t\t<div data-elementor-type=\"wp-page\" data-elementor-id=\"15\" class=\"elementor elementor-15\">\n\t\t\t\t<div class=\"elementor-element elementor-element-79499f4 e-con-full e-flex e-con e-parent\" data-id=\"79499f4\" data-element_type=\"container\" data-e-type=\"container\">\n\t\t<div class=\"elementor-element elementor-element-632b1a3 e-con-full e-flex e-con e-child\" data-id=\"632b1a3\" data-element_type=\"container\" data-e-type=\"container\">\n\t\t\t\t<div class=\"elementor-element elementor-element-4a3e9af elementor-invisible elementor-widget elementor-widget-text-editor\" data-id=\"4a3e9af\" data-element_type=\"widget\" data-e-type=\"widget\" data-settings=\"{&quot;_animation&quot;:&quot;fadeInLeft&quot;}\" data-widget_type=\"text-editor.default\">\n\t\t\t\t<div class=\"elementor-widget-container\">\n\t\t\t\t\t\t\t\t\t<p>Depuis 1999 \u00ab\u00a0Atelier Autruche\u00a0\u00bb est bas\u00e9 \u00e0 Aubenas en Ard\u00e8che, au c\u0153ur de la ville.<\/p><p>Stefanie vous accompagne dans le choix de votre chapeau de r\u00eave, fabriqu\u00e9 sur-mesure et assorti \u00e0 votre tenue. Elle propose \u00e9galement un large panel de chapeaux, casquettes et accessoires (Stetson, G\u00f6ttmann, Guerra, Fl\u00e9chet, MTM &#8230;) pour les femmes et pour les hommes.<\/p><p>Il n&rsquo;existe pas de \u00ab\u00a0t\u00eate \u00e0 chapeau\u00a0\u00bb mais bien des formes adapt\u00e9es pour chacune et chacun.<\/p><p>Fascin\u00e9e par les vari\u00e9t\u00e9s majestueuses des plumes, celles des faisans, paons, coqs, autruches, elle cr\u00e9e \u00e9galement des collections d\u2019ornements uniques qui ne sont plus seulement destin\u00e9s \u00e0 \u00eatre des parures de t\u00eate mais qui s&rsquo;imposent au c\u0153ur de la maison comme objet d&rsquo;art.<\/p><p><\/p>\t\t\t\t\t\t\t\t<\/div>\n\t\t\t\t<\/div>\n\t\t\t\t<\/div>\n\t\t<div class=\"elementor-element elementor-element-4d47baa e-con-full e-flex e-con e-child\" data-id=\"4d47baa\" data-element_type=\"container\" data-e-type=\"container\">\n\t\t\t\t<div class=\"elementor-element elementor-element-9fcbd22 elementor-invisible elementor-widget elementor-widget-image\" data-id=\"9fcbd22\" data-element_type=\"widget\" data-e-type=\"widget\" data-settings=\"{&quot;_animation&quot;:&quot;fadeInRight&quot;}\" data-widget_type=\"image.default\">\n\t\t\t\t<div class=\"elementor-widget-container\">\n\t\t\t\t\t\t\t\t\t\t\t\t<figure class=\"wp-caption\">\n\t\t\t\t\t\t\t\t\t\t<img fetchpriority=\"high\" decoding=\"async\" width=\"1024\" height=\"1024\" src=\"https:\/\/www.atelier-autruche-chapeaux.com\/wp-content\/uploads\/2026\/02\/Wesle001-copyright-Gilles-Leimdorfer-1024x1024.jpg\" class=\"attachment-large size-large wp-image-1263\" alt=\"\" srcset=\"https:\/\/www.atelier-autruche-chapeaux.com\/wp-content\/uploads\/2026\/02\/Wesle001-copyright-Gilles-Leimdorfer-1024x1024.jpg 1024w, https:\/\/www.atelier-autruche-chapeaux.com\/wp-content\/uploads\/2026\/02\/Wesle001-copyright-Gilles-Leimdorfer-300x300.jpg 300w, https:\/\/www.atelier-autruche-chapeaux.com\/wp-content\/uploads\/2026\/02\/Wesle001-copyright-Gilles-Leimdorfer-150x150.jpg 150w, https:\/\/www.atelier-autruche-chapeaux.com\/wp-content\/uploads\/2026\/02\/Wesle001-copyright-Gilles-Leimdorfer-768x768.jpg 768w, https:\/\/www.atelier-autruche-chapeaux.com\/wp-content\/uploads\/2026\/02\/Wesle001-copyright-Gilles-Leimdorfer-1536x1536.jpg 1536w, https:\/\/www.atelier-autruche-chapeaux.com\/wp-content\/uploads\/2026\/02\/Wesle001-copyright-Gilles-Leimdorfer.jpg 2048w\" sizes=\"(max-width: 1024px) 100vw, 1024px\" \/>\t\t\t\t\t\t\t\t\t\t\t<figcaption class=\"widget-image-caption wp-caption-text\">cr\u00e9dit photo Gilles Leimdorfer<\/figcaption>\n\t\t\t\t\t\t\t\t\t\t<\/figure>\n\t\t\t\t\t\t\t\t\t<\/div>\n\t\t\t\t<\/div>\n\t\t\t\t<\/div>\n\t\t\t\t<\/div>\n\t\t<div class=\"elementor-element elementor-element-359ff8a e-flex e-con-boxed e-con e-parent\" data-id=\"359ff8a\" data-element_type=\"container\" data-e-type=\"container\">\n\t\t\t\t\t<div class=\"e-con-inner\">\n\t\t\t\t<div class=\"elementor-element elementor-element-3f54852 elementor-widget elementor-widget-heading\" data-id=\"3f54852\" data-element_type=\"widget\" data-e-type=\"widget\" data-widget_type=\"heading.default\">\n\t\t\t\t<div class=\"elementor-widget-container\">\n\t\t\t\t\t<h1 class=\"elementor-heading-title elementor-size-default\"><p><b>Savoir faire et artisanat d\u2019art<\/b><span><\/span><\/p><\/h1>\t\t\t\t<\/div>\n\t\t\t\t<\/div>\n\t\t\t\t\t<\/div>\n\t\t\t\t<\/div>\n\t\t<div class=\"elementor-element elementor-element-7bdb450 e-con-full e-flex e-con e-parent\" data-id=\"7bdb450\" data-element_type=\"container\" data-e-type=\"container\">\n\t\t<div class=\"elementor-element elementor-element-a0b9ad6 e-con-full e-flex e-con e-child\" data-id=\"a0b9ad6\" data-element_type=\"container\" data-e-type=\"container\">\n\t\t\t\t<div class=\"elementor-element elementor-element-d7e8853 elementor-invisible elementor-widget elementor-widget-image\" data-id=\"d7e8853\" data-element_type=\"widget\" data-e-type=\"widget\" data-settings=\"{&quot;_animation&quot;:&quot;fadeInRight&quot;}\" data-widget_type=\"image.default\">\n\t\t\t\t<div class=\"elementor-widget-container\">\n\t\t\t\t\t\t\t\t\t\t\t\t<figure class=\"wp-caption\">\n\t\t\t\t\t\t\t\t\t\t<img decoding=\"async\" width=\"1024\" height=\"683\" src=\"https:\/\/www.atelier-autruche-chapeaux.com\/wp-content\/uploads\/2021\/03\/ATELIER-AUTRUCHE_SBAUR_HD_-18-1024x683.jpg\" class=\"attachment-large size-large wp-image-625\" alt=\"\" srcset=\"https:\/\/www.atelier-autruche-chapeaux.com\/wp-content\/uploads\/2021\/03\/ATELIER-AUTRUCHE_SBAUR_HD_-18-1024x683.jpg 1024w, https:\/\/www.atelier-autruche-chapeaux.com\/wp-content\/uploads\/2021\/03\/ATELIER-AUTRUCHE_SBAUR_HD_-18-300x200.jpg 300w, https:\/\/www.atelier-autruche-chapeaux.com\/wp-content\/uploads\/2021\/03\/ATELIER-AUTRUCHE_SBAUR_HD_-18-768x512.jpg 768w, https:\/\/www.atelier-autruche-chapeaux.com\/wp-content\/uploads\/2021\/03\/ATELIER-AUTRUCHE_SBAUR_HD_-18-1536x1024.jpg 1536w, https:\/\/www.atelier-autruche-chapeaux.com\/wp-content\/uploads\/2021\/03\/ATELIER-AUTRUCHE_SBAUR_HD_-18-2048x1365.jpg 2048w, https:\/\/www.atelier-autruche-chapeaux.com\/wp-content\/uploads\/2021\/03\/ATELIER-AUTRUCHE_SBAUR_HD_-18-600x400.jpg 600w\" sizes=\"(max-width: 1024px) 100vw, 1024px\" \/>\t\t\t\t\t\t\t\t\t\t\t<figcaption class=\"widget-image-caption wp-caption-text\">cr\u00e9dit photos S\u00e9verine Baur<\/figcaption>\n\t\t\t\t\t\t\t\t\t\t<\/figure>\n\t\t\t\t\t\t\t\t\t<\/div>\n\t\t\t\t<\/div>\n\t\t\t\t<\/div>\n\t\t<div class=\"elementor-element elementor-element-d6d577d e-con-full e-flex e-con e-child\" data-id=\"d6d577d\" data-element_type=\"container\" data-e-type=\"container\">\n\t\t\t\t<div class=\"elementor-element elementor-element-9f0dd88 elementor-invisible elementor-widget elementor-widget-text-editor\" data-id=\"9f0dd88\" data-element_type=\"widget\" data-e-type=\"widget\" data-settings=\"{&quot;_animation&quot;:&quot;fadeInLeft&quot;}\" data-widget_type=\"text-editor.default\">\n\t\t\t\t<div class=\"elementor-widget-container\">\n\t\t\t\t\t\t\t\t\t<h3 class=\"Standard\"><span style=\"color: var( --e-global-color-text ); font-family: 'Roboto Condensed', sans-serif; font-size: 16px;\"><b>Des techniques traditionnelles<\/b><\/span><\/h3>\n<p>Stefanie Wesle a obtenu son dipl\u00f4me de modiste en 1998 \u00e0 Paris. Elle ma\u00eetrise toutes les techniques traditionnelles de chapellerie&nbsp;: moulage du feutre et de la paille,&nbsp; du sisal, coup\u00e9 cousue, paille cousue, travail \u00e0 main lev\u00e9e&#8230;<\/p>\n<p class=\"Textbody\"><strong><span class=\"StrongEmphasis\">La couture de la paille<\/span><\/strong><o:p><\/o:p><\/p>\n<p class=\"Textbody\">Au del\u00e0 de ces techniques classiques, Stefanie fabrique de<br>v\u00e9ritables chapeaux en paille cousue. Sur une machine presque centenaire, elle<br>donne vie \u00e0 votre chapeau dans l\u2019espace avant de peaufiner son volume sur un<br>moule appel\u00e9 bois ou forme. Une technique complexe de plus en plus rare en&nbsp;France. Elle consiste \u00e0 coudre un ruban de paille en spirale et faire na\u00eetre&nbsp;ainsi le volume recherch\u00e9.<o:p><\/o:p><\/p>\n<p><span><\/span><\/p>\t\t\t\t\t\t\t\t<\/div>\n\t\t\t\t<\/div>\n\t\t\t\t<\/div>\n\t\t\t\t<\/div>\n\t\t<div class=\"elementor-element elementor-element-8513504 e-con-full e-flex e-con e-parent\" data-id=\"8513504\" data-element_type=\"container\" data-e-type=\"container\">\n\t\t<div class=\"elementor-element elementor-element-ec1503e e-con-full e-flex e-con e-child\" data-id=\"ec1503e\" data-element_type=\"container\" data-e-type=\"container\">\n\t\t\t\t<div class=\"elementor-element elementor-element-93e83ec elementor-invisible elementor-widget elementor-widget-text-editor\" data-id=\"93e83ec\" data-element_type=\"widget\" data-e-type=\"widget\" data-settings=\"{&quot;_animation&quot;:&quot;fadeInLeft&quot;}\" data-widget_type=\"text-editor.default\">\n\t\t\t\t<div class=\"elementor-widget-container\">\n\t\t\t\t\t\t\t\t\t<p class=\"Standard\"><b>Plumasserie<o:p><\/o:p><\/b><\/p><p class=\"Standard\">Stefanie s\u2019est form\u00e9e \u00e9galement \u00e0 l\u2019art de la plumasserie. En croisant les techniques de la paille cousue et de la plumasserie elle cr\u00e9e de v\u00e9ritables objets d\u2019art\u00a0; sculptures, d\u00e9corations murales, tableaux\u2026<o:p><\/o:p><\/p><p>Les \u0153uvres de Stefanie Wesle oscillent entre fragilit\u00e9 et tension. Elles \u00e9voquent des paysages int\u00e9rieurs, des cartographies organiques, des fragments de nature suspendus. Rien n\u2019est fig\u00e9 : selon le point de vue, selon l\u2019\u00e9clairage, la mati\u00e8re change, respire, se d\u00e9ploie autrement. Le regard est invit\u00e9 \u00e0 ralentir, \u00e0 s\u2019approcher, \u00e0 suivre le rythme discret du mat\u00e9riau.<br \/><br \/>Elle propose \u00e9galement une gamme d\u2019accessoires de mode en plumes comme des broches, des minoches (d\u00e9corations pour chapeaux), des serre-t\u00eate et aussi des colliers.<o:p><\/o:p><\/p><h2>Un projet ? Une id\u00e9e ? Une question ?<\/h2><p>Stefanie est \u00e0 votre \u00e9coute et sera ravie de vous r\u00e9pondre,<span class=\"StrongEmphasis\"> \u00e9changer, et vous proposer la cr\u00e9ation qui r\u00e9pond \u00e0 vos projets et vos envies.<\/span><\/p><p><\/p><p class=\"Textbody\"><\/p>\t\t\t\t\t\t\t\t<\/div>\n\t\t\t\t<\/div>\n\t\t\t\t<\/div>\n\t\t<div class=\"elementor-element elementor-element-6861ec3 e-con-full e-flex e-con e-child\" data-id=\"6861ec3\" data-element_type=\"container\" data-e-type=\"container\">\n\t\t\t\t<div class=\"elementor-element elementor-element-9af2c7e elementor-invisible elementor-widget elementor-widget-image\" data-id=\"9af2c7e\" data-element_type=\"widget\" data-e-type=\"widget\" data-settings=\"{&quot;_animation&quot;:&quot;fadeInRight&quot;}\" data-widget_type=\"image.default\">\n\t\t\t\t<div class=\"elementor-widget-container\">\n\t\t\t\t\t\t\t\t\t\t\t\t<figure class=\"wp-caption\">\n\t\t\t\t\t\t\t\t\t\t<img decoding=\"async\" width=\"300\" height=\"300\" src=\"https:\/\/www.atelier-autruche-chapeaux.com\/wp-content\/uploads\/2025\/02\/7-300x300.jpg\" class=\"attachment-medium size-medium wp-image-757\" alt=\"\" srcset=\"https:\/\/www.atelier-autruche-chapeaux.com\/wp-content\/uploads\/2025\/02\/7-300x300.jpg 300w, https:\/\/www.atelier-autruche-chapeaux.com\/wp-content\/uploads\/2025\/02\/7-150x150.jpg 150w, https:\/\/www.atelier-autruche-chapeaux.com\/wp-content\/uploads\/2025\/02\/7-768x768.jpg 768w, https:\/\/www.atelier-autruche-chapeaux.com\/wp-content\/uploads\/2025\/02\/7.jpg 1000w\" sizes=\"(max-width: 300px) 100vw, 300px\" \/>\t\t\t\t\t\t\t\t\t\t\t<figcaption class=\"widget-image-caption wp-caption-text\"><\/figcaption>\n\t\t\t\t\t\t\t\t\t\t<\/figure>\n\t\t\t\t\t\t\t\t\t<\/div>\n\t\t\t\t<\/div>\n\t\t\t\t<\/div>\n\t\t\t\t<\/div>\n\t\t<div class=\"elementor-element elementor-element-3f65450 e-con-full e-flex e-con e-parent\" data-id=\"3f65450\" data-element_type=\"container\" data-e-type=\"container\">\n\t\t<div class=\"elementor-element elementor-element-a3afa90 e-flex e-con-boxed e-con e-child\" data-id=\"a3afa90\" data-element_type=\"container\" data-e-type=\"container\" data-settings=\"{&quot;background_background&quot;:&quot;classic&quot;}\">\n\t\t\t\t\t<div class=\"e-con-inner\">\n\t\t\t\t<div class=\"elementor-element elementor-element-ba39924 elementor-invisible elementor-widget elementor-widget-text-editor\" data-id=\"ba39924\" data-element_type=\"widget\" data-e-type=\"widget\" data-settings=\"{&quot;_animation&quot;:&quot;fadeInLeft&quot;}\" data-widget_type=\"text-editor.default\">\n\t\t\t\t<div class=\"elementor-widget-container\">\n\t\t\t\t\t\t\t\t\t<p>Charte de qualit\u00e9 et engagement<\/p>\t\t\t\t\t\t\t\t<\/div>\n\t\t\t\t<\/div>\n\t\t\t\t\t<\/div>\n\t\t\t\t<\/div>\n\t\t\t\t<\/div>\n\t\t<div class=\"elementor-element elementor-element-2fc5c7d e-flex e-con-boxed e-con e-parent\" data-id=\"2fc5c7d\" data-element_type=\"container\" data-e-type=\"container\">\n\t\t\t\t\t<div class=\"e-con-inner\">\n\t\t<div class=\"elementor-element elementor-element-5e7200b e-con-full e-flex e-con e-child\" data-id=\"5e7200b\" data-element_type=\"container\" data-e-type=\"container\">\n\t\t\t\t<div class=\"elementor-element elementor-element-bdf0b14 elementor-widget elementor-widget-image\" data-id=\"bdf0b14\" data-element_type=\"widget\" data-e-type=\"widget\" data-widget_type=\"image.default\">\n\t\t\t\t<div class=\"elementor-widget-container\">\n\t\t\t\t\t\t\t\t\t\t\t\t\t\t\t<img loading=\"lazy\" decoding=\"async\" width=\"150\" height=\"150\" src=\"https:\/\/www.atelier-autruche-chapeaux.com\/wp-content\/uploads\/2025\/02\/7.png\" class=\"attachment-full size-full wp-image-1038\" alt=\"\" \/>\t\t\t\t\t\t\t\t\t\t\t\t\t\t\t<\/div>\n\t\t\t\t<\/div>\n\t\t\t\t<\/div>\n\t\t<div class=\"elementor-element elementor-element-bc04621 e-con-full e-flex e-con e-child\" data-id=\"bc04621\" data-element_type=\"container\" data-e-type=\"container\">\n\t\t\t\t<div class=\"elementor-element elementor-element-d81aa1a elementor-widget elementor-widget-image\" data-id=\"d81aa1a\" data-element_type=\"widget\" data-e-type=\"widget\" data-widget_type=\"image.default\">\n\t\t\t\t<div class=\"elementor-widget-container\">\n\t\t\t\t\t\t\t\t\t\t\t\t\t\t\t<img loading=\"lazy\" decoding=\"async\" width=\"150\" height=\"150\" src=\"https:\/\/www.atelier-autruche-chapeaux.com\/wp-content\/uploads\/2025\/02\/8.png\" class=\"attachment-full size-full wp-image-1039\" alt=\"\" \/>\t\t\t\t\t\t\t\t\t\t\t\t\t\t\t<\/div>\n\t\t\t\t<\/div>\n\t\t\t\t<\/div>\n\t\t<div class=\"elementor-element elementor-element-cbbb00b e-con-full e-flex e-con e-child\" data-id=\"cbbb00b\" data-element_type=\"container\" data-e-type=\"container\">\n\t\t\t\t<div class=\"elementor-element elementor-element-efaad19 elementor-widget elementor-widget-image\" data-id=\"efaad19\" data-element_type=\"widget\" data-e-type=\"widget\" data-widget_type=\"image.default\">\n\t\t\t\t<div class=\"elementor-widget-container\">\n\t\t\t\t\t\t\t\t\t\t\t\t\t\t\t<img loading=\"lazy\" decoding=\"async\" width=\"150\" height=\"150\" src=\"https:\/\/www.atelier-autruche-chapeaux.com\/wp-content\/uploads\/2025\/02\/9.png\" class=\"attachment-full size-full wp-image-1040\" alt=\"\" \/>\t\t\t\t\t\t\t\t\t\t\t\t\t\t\t<\/div>\n\t\t\t\t<\/div>\n\t\t\t\t<\/div>\n\t\t<div class=\"elementor-element elementor-element-9236160 e-con-full e-flex e-con e-child\" data-id=\"9236160\" data-element_type=\"container\" data-e-type=\"container\">\n\t\t\t\t<div class=\"elementor-element elementor-element-60e14ff elementor-widget elementor-widget-text-editor\" data-id=\"60e14ff\" data-element_type=\"widget\" data-e-type=\"widget\" data-widget_type=\"text-editor.default\">\n\t\t\t\t<div class=\"elementor-widget-container\">\n\t\t\t\t\t\t\t\t\t<p><strong>Les mati\u00e8res<\/strong><\/p>\t\t\t\t\t\t\t\t<\/div>\n\t\t\t\t<\/div>\n\t\t\t\t<div class=\"elementor-element elementor-element-3252d6d elementor-widget elementor-widget-text-editor\" data-id=\"3252d6d\" data-element_type=\"widget\" data-e-type=\"widget\" data-widget_type=\"text-editor.default\">\n\t\t\t\t<div class=\"elementor-widget-container\">\n\t\t\t\t\t\t\t\t\t<p>La qualit\u00e9 des mati\u00e8res premi\u00e8re est primordiale pour la confection d\u2019un chapeau. C\u2019est pourquoi\u00a0 les pailles,les feutres et les tissus proviennent essentiellement de mati\u00e8res naturelles.<\/p><p>Conscient des enjeux \u00e9cologiques, l\u2019atelier respecte consciencieusement la convention de Washington qui r\u00e9git le commerce international des esp\u00e8ces de faune et de flore sauvages menac\u00e9es d\u2019extinction. Je m\u2019engage \u00e0 utiliser uniquement des plumes provenant d\u2019oiseaux \u00e9lev\u00e9s pour la consommation alimentaire dans les conditions favorables au d\u00e9veloppement de leur plumage et dont les esp\u00e8ces ne sont pas menac\u00e9es.<br \/>J\u2019utilise principalement des plumes de faisan, de coq et d\u2019oie, mais aussi des plumes de paons, de poules, d\u2019autruches et de canards.<\/p><div><\/div><div><\/div>\t\t\t\t\t\t\t\t<\/div>\n\t\t\t\t<\/div>\n\t\t\t\t<\/div>\n\t\t<div class=\"elementor-element elementor-element-6557767 e-con-full e-flex e-con e-child\" data-id=\"6557767\" data-element_type=\"container\" data-e-type=\"container\">\n\t\t\t\t<div class=\"elementor-element elementor-element-21a0293 elementor-widget elementor-widget-text-editor\" data-id=\"21a0293\" data-element_type=\"widget\" data-e-type=\"widget\" data-widget_type=\"text-editor.default\">\n\t\t\t\t<div class=\"elementor-widget-container\">\n\t\t\t\t\t\t\t\t\t<p class=\"Textbody\"><strong><span class=\"StrongEmphasis\">Respect de l\u2019environnement<\/span><\/strong><o:p><\/o:p><\/p>\t\t\t\t\t\t\t\t<\/div>\n\t\t\t\t<\/div>\n\t\t\t\t<div class=\"elementor-element elementor-element-002163e elementor-widget elementor-widget-text-editor\" data-id=\"002163e\" data-element_type=\"widget\" data-e-type=\"widget\" data-widget_type=\"text-editor.default\">\n\t\t\t\t<div class=\"elementor-widget-container\">\n\t\t\t\t\t\t\t\t\t<p class=\"Textbody\">Pour respecter notre plan\u00e8te, il faut acheter moins et mieux. Gr\u00e2ce \u00e0 notre service apr\u00e8s-vente nous vous accompagnons tout au long de la vie de votre couvre-chef. Nous vous conseillons sur l\u2019entretien, la remise en \u00e9tat et la r\u00e9paration de votre chapeau.<o:p><\/o:p><\/p>\t\t\t\t\t\t\t\t<\/div>\n\t\t\t\t<\/div>\n\t\t\t\t<\/div>\n\t\t<div class=\"elementor-element elementor-element-f490920 e-con-full e-flex e-con e-child\" data-id=\"f490920\" data-element_type=\"container\" data-e-type=\"container\">\n\t\t\t\t<div class=\"elementor-element elementor-element-37cae7c elementor-widget elementor-widget-text-editor\" data-id=\"37cae7c\" data-element_type=\"widget\" data-e-type=\"widget\" data-widget_type=\"text-editor.default\">\n\t\t\t\t<div class=\"elementor-widget-container\">\n\t\t\t\t\t\t\t\t\t<p class=\"Standard\"><b>Fabrication fran\u00e7aise et juste prix<o:p><\/o:p><\/b><\/p>\t\t\t\t\t\t\t\t<\/div>\n\t\t\t\t<\/div>\n\t\t\t\t<div class=\"elementor-element elementor-element-44de8b5 elementor-widget elementor-widget-text-editor\" data-id=\"44de8b5\" data-element_type=\"widget\" data-e-type=\"widget\" data-widget_type=\"text-editor.default\">\n\t\t\t\t<div class=\"elementor-widget-container\">\n\t\t\t\t\t\t\t\t\t<p>Les mod\u00e8les de la marque Atelier Autruche sont enti\u00e8rement r\u00e9alis\u00e9 \u00e0 la main dans l\u2019atelier \u00e0 Aubenas. Cette d\u00e9marche permet de vous proposer au meilleur prix un chapeau de grande qualit\u00e9 fabriqu\u00e9 en France\u00a0et d\u2019\u00eatre \u00e0 l\u2019\u00e9coute pour\u00a0 r\u00e9aliser des chapeaux sur mesure et sur commande.<\/p>\t\t\t\t\t\t\t\t<\/div>\n\t\t\t\t<\/div>\n\t\t\t\t<\/div>\n\t\t\t\t\t<\/div>\n\t\t\t\t<\/div>\n\t\t\t\t<\/div>\n\t\t","protected":false},"excerpt":{"rendered":"<p>Depuis 1999 \u00ab\u00a0Atelier Autruche\u00a0\u00bb est bas\u00e9 \u00e0 Aubenas en Ard\u00e8che, au c\u0153ur de la ville. Stefanie vous accompagne dans le choix de votre chapeau de r\u00eave, fabriqu\u00e9 sur-mesure et assorti \u00e0 votre tenue. Elle propose \u00e9galement un large panel de chapeaux, casquettes et accessoires (Stetson, G\u00f6ttmann, Guerra, Fl\u00e9chet, MTM &#8230;) pour les femmes et pour [&hellip;]<\/p>\n","protected":false},"author":1,"featured_media":0,"parent":0,"menu_order":0,"comment_status":"closed","ping_status":"closed","template":"elementor_header_footer","meta":{"footnotes":""},"class_list":["post-15","page","type-page","status-publish","hentry"],"_links":{"self":[{"href":"https:\/\/www.atelier-autruche-chapeaux.com\/index.php\/wp-json\/wp\/v2\/pages\/15","targetHints":{"allow":["GET"]}}],"collection":[{"href":"https:\/\/www.atelier-autruche-chapeaux.com\/index.php\/wp-json\/wp\/v2\/pages"}],"about":[{"href":"https:\/\/www.atelier-autruche-chapeaux.com\/index.php\/wp-json\/wp\/v2\/types\/page"}],"author":[{"embeddable":true,"href":"https:\/\/www.atelier-autruche-chapeaux.com\/index.php\/wp-json\/wp\/v2\/users\/1"}],"replies":[{"embeddable":true,"href":"https:\/\/www.atelier-autruche-chapeaux.com\/index.php\/wp-json\/wp\/v2\/comments?post=15"}],"version-history":[{"count":100,"href":"https:\/\/www.atelier-autruche-chapeaux.com\/index.php\/wp-json\/wp\/v2\/pages\/15\/revisions"}],"predecessor-version":[{"id":1285,"href":"https:\/\/www.atelier-autruche-chapeaux.com\/index.php\/wp-json\/wp\/v2\/pages\/15\/revisions\/1285"}],"wp:attachment":[{"href":"https:\/\/www.atelier-autruche-chapeaux.com\/index.php\/wp-json\/wp\/v2\/media?parent=15"}],"curies":[{"name":"wp","href":"https:\/\/api.w.org\/{rel}","templated":true}]}}