{"id":23,"date":"2018-04-09T10:04:06","date_gmt":"2018-04-09T08:04:06","guid":{"rendered":"http:\/\/www.atelier-autruche-chapeaux.com\/?page_id=23"},"modified":"2018-04-09T10:04:30","modified_gmt":"2018-04-09T08:04:30","slug":"la-modiste","status":"publish","type":"page","link":"https:\/\/www.atelier-autruche-chapeaux.com\/index.php\/la-modiste\/","title":{"rendered":"La Modiste"},"content":{"rendered":"<p><img fetchpriority=\"high\" decoding=\"async\" class=\" wp-image-24 alignright\" src=\"http:\/\/www.atelier-autruche-chapeaux.com\/wp-content\/uploads\/2018\/04\/MRA_3636.jpg\" alt=\"\" width=\"187\" height=\"279\" \/>Stefanie Wesle est n\u00e9e en 1972 \u00e0 Francfort sur Main.<\/p>\n<p>Elle a quitt\u00e9 l&rsquo;Allemagne \u00e0 20 ans, un coup de c\u0153ur pour le grand air. Elle passe un dipl\u00f4me de modiste \u00e0 Paris et s&rsquo;installe dans une boutique-atelier \u00e0 Aubenas en Ard\u00e8che en 1999.<\/p>\n<p>Ses cr\u00e9ations d\u00e9filent de plus en plus loin, ses collections tournent la t\u00eate, du bibi d\u00e9lirant au b\u00e9ret chamarr\u00e9, \u00e0 la coiffe de c\u00e9r\u00e9monie qu&rsquo;elle assortit aux tenues de ses clientes.<\/p>\n<p>De nombreuses boutiques en France et \u00e0 l&rsquo;\u00e9tranger passent commande de ses chapeaux originaux, tous dessin\u00e9s et r\u00e9alis\u00e9s dans son atelier, \u00e0 Aubenas.<\/p>\n<p>En 2010, Atelier Autruche Chapeaux a obtenu le label EPV (Entreprise du Patrimoine Vivant) et Stefanie Wesle a re\u00e7u depuis 2015 le titre de Ma\u00eetre Artisan d&rsquo;Art.<\/p>\n","protected":false},"excerpt":{"rendered":"<p>Stefanie Wesle est n\u00e9e en 1972 \u00e0 Francfort sur Main. Elle a quitt\u00e9 l&rsquo;Allemagne \u00e0 20 ans, un coup de c\u0153ur pour le grand air. Elle passe un dipl\u00f4me de modiste \u00e0 Paris et s&rsquo;installe dans une boutique-atelier \u00e0 Aubenas en Ard\u00e8che en 1999. Ses cr\u00e9ations d\u00e9filent de plus en plus loin, ses collections tournent [&hellip;]<\/p>\n","protected":false},"author":1,"featured_media":0,"parent":0,"menu_order":0,"comment_status":"closed","ping_status":"closed","template":"","meta":{"footnotes":""},"class_list":["post-23","page","type-page","status-publish","hentry"],"_links":{"self":[{"href":"https:\/\/www.atelier-autruche-chapeaux.com\/index.php\/wp-json\/wp\/v2\/pages\/23","targetHints":{"allow":["GET"]}}],"collection":[{"href":"https:\/\/www.atelier-autruche-chapeaux.com\/index.php\/wp-json\/wp\/v2\/pages"}],"about":[{"href":"https:\/\/www.atelier-autruche-chapeaux.com\/index.php\/wp-json\/wp\/v2\/types\/page"}],"author":[{"embeddable":true,"href":"https:\/\/www.atelier-autruche-chapeaux.com\/index.php\/wp-json\/wp\/v2\/users\/1"}],"replies":[{"embeddable":true,"href":"https:\/\/www.atelier-autruche-chapeaux.com\/index.php\/wp-json\/wp\/v2\/comments?post=23"}],"version-history":[{"count":2,"href":"https:\/\/www.atelier-autruche-chapeaux.com\/index.php\/wp-json\/wp\/v2\/pages\/23\/revisions"}],"predecessor-version":[{"id":26,"href":"https:\/\/www.atelier-autruche-chapeaux.com\/index.php\/wp-json\/wp\/v2\/pages\/23\/revisions\/26"}],"wp:attachment":[{"href":"https:\/\/www.atelier-autruche-chapeaux.com\/index.php\/wp-json\/wp\/v2\/media?parent=23"}],"curies":[{"name":"wp","href":"https:\/\/api.w.org\/{rel}","templated":true}]}}