{"id":729,"date":"2025-02-12T09:42:36","date_gmt":"2025-02-12T08:42:36","guid":{"rendered":"https:\/\/www.atelier-autruche-chapeaux.com\/?page_id=729"},"modified":"2026-02-20T17:09:35","modified_gmt":"2026-02-20T16:09:35","slug":"elementor-729","status":"publish","type":"page","link":"https:\/\/www.atelier-autruche-chapeaux.com\/index.php\/elementor-729\/","title":{"rendered":"Accessoires en plumes"},"content":{"rendered":"\t\t<div data-elementor-type=\"wp-post\" data-elementor-id=\"729\" class=\"elementor elementor-729\">\n\t\t\t\t<div class=\"elementor-element elementor-element-81ff2aa e-con-full e-flex e-con e-parent\" data-id=\"81ff2aa\" data-element_type=\"container\" data-e-type=\"container\">\n\t\t\t\t<div class=\"elementor-element elementor-element-64bf8ff elementor-widget elementor-widget-text-editor\" data-id=\"64bf8ff\" data-element_type=\"widget\" data-e-type=\"widget\" data-widget_type=\"text-editor.default\">\n\t\t\t\t<div class=\"elementor-widget-container\">\n\t\t\t\t\t\t\t\t\t<p>Chapeaux, ornements de t\u00eate, broches ou accessoires de cheveux, les plumes illuminent nos visage et nos tenue. Un fragment de nature transform\u00e9, suspendu entre envol et ancrage, entre artisanat d\u2019art et expression po\u00e9tique.\u00a0<\/p>\t\t\t\t\t\t\t\t<\/div>\n\t\t\t\t<\/div>\n\t\t<div class=\"elementor-element elementor-element-4e509ab e-flex e-con-boxed e-con e-child\" data-id=\"4e509ab\" data-element_type=\"container\" data-e-type=\"container\">\n\t\t\t\t\t<div class=\"e-con-inner\">\n\t\t\t\t\t<\/div>\n\t\t\t\t<\/div>\n\t\t\t\t<\/div>\n\t\t<div class=\"elementor-element elementor-element-8c18273 e-con-full animated-slow e-flex elementor-invisible e-con e-parent\" data-id=\"8c18273\" data-element_type=\"container\" data-e-type=\"container\" data-settings=\"{&quot;animation&quot;:&quot;fadeInUp&quot;}\">\n\t\t\t\t<div class=\"elementor-element elementor-element-ff567e2 gallery-spacing-custom elementor-widget elementor-widget-image-gallery\" data-id=\"ff567e2\" data-element_type=\"widget\" data-e-type=\"widget\" data-widget_type=\"image-gallery.default\">\n\t\t\t\t<div class=\"elementor-widget-container\">\n\t\t\t\t\t\t\t<div class=\"elementor-image-gallery\">\n\t\t\t<div id='gallery-1' class='gallery galleryid-729 gallery-columns-3 gallery-size-large'><figure class='gallery-item'>\n\t\t\t<div class='gallery-icon portrait'>\n\t\t\t\t<a data-elementor-open-lightbox=\"yes\" data-elementor-lightbox-slideshow=\"ff567e2\" data-elementor-lightbox-title=\"Nuit \u00e9toil\u00e9e, photo Anne-Laure Etienne\" data-e-action-hash=\"#elementor-action%3Aaction%3Dlightbox%26settings%3DeyJpZCI6MTIzNCwidXJsIjoiaHR0cHM6XC9cL3d3dy5hdGVsaWVyLWF1dHJ1Y2hlLWNoYXBlYXV4LmNvbVwvd3AtY29udGVudFwvdXBsb2Fkc1wvMjAyNlwvMDJcL051aXQtZXRvaWxlZS1waG90by1Bbm5lLUxhdXJlLUV0aWVubmUuanBnIiwic2xpZGVzaG93IjoiZmY1NjdlMiJ9\" href='https:\/\/www.atelier-autruche-chapeaux.com\/wp-content\/uploads\/2026\/02\/Nuit-etoilee-photo-Anne-Laure-Etienne.jpg'><img fetchpriority=\"high\" decoding=\"async\" width=\"683\" height=\"1024\" src=\"https:\/\/www.atelier-autruche-chapeaux.com\/wp-content\/uploads\/2026\/02\/Nuit-etoilee-photo-Anne-Laure-Etienne-683x1024.jpg\" class=\"attachment-large size-large\" alt=\"\" srcset=\"https:\/\/www.atelier-autruche-chapeaux.com\/wp-content\/uploads\/2026\/02\/Nuit-etoilee-photo-Anne-Laure-Etienne-683x1024.jpg 683w, https:\/\/www.atelier-autruche-chapeaux.com\/wp-content\/uploads\/2026\/02\/Nuit-etoilee-photo-Anne-Laure-Etienne-200x300.jpg 200w, https:\/\/www.atelier-autruche-chapeaux.com\/wp-content\/uploads\/2026\/02\/Nuit-etoilee-photo-Anne-Laure-Etienne-768x1151.jpg 768w, https:\/\/www.atelier-autruche-chapeaux.com\/wp-content\/uploads\/2026\/02\/Nuit-etoilee-photo-Anne-Laure-Etienne-1025x1536.jpg 1025w, https:\/\/www.atelier-autruche-chapeaux.com\/wp-content\/uploads\/2026\/02\/Nuit-etoilee-photo-Anne-Laure-Etienne.jpg 1143w\" sizes=\"(max-width: 683px) 100vw, 683px\" \/><\/a>\n\t\t\t<\/div><\/figure><figure class='gallery-item'>\n\t\t\t<div class='gallery-icon landscape'>\n\t\t\t\t<a data-elementor-open-lightbox=\"yes\" data-elementor-lightbox-slideshow=\"ff567e2\" data-elementor-lightbox-title=\"Atelier Autruche, S. Wesle, Mille et une nuit, cr\u00e9dit photo Martin Griffin\" data-e-action-hash=\"#elementor-action%3Aaction%3Dlightbox%26settings%3DeyJpZCI6MTIzMywidXJsIjoiaHR0cHM6XC9cL3d3dy5hdGVsaWVyLWF1dHJ1Y2hlLWNoYXBlYXV4LmNvbVwvd3AtY29udGVudFwvdXBsb2Fkc1wvMjAyNlwvMDJcL0F0ZWxpZXItQXV0cnVjaGUtUy4tV2VzbGUtTWlsbGUtZXQtdW5lLW51aXQtY3JlZGl0LXBob3RvLU1hcnRpbi1HcmlmZmluLXNjYWxlZC5qcGciLCJzbGlkZXNob3ciOiJmZjU2N2UyIn0%3D\" href='https:\/\/www.atelier-autruche-chapeaux.com\/wp-content\/uploads\/2026\/02\/Atelier-Autruche-S.-Wesle-Mille-et-une-nuit-credit-photo-Martin-Griffin-scaled.jpg'><img decoding=\"async\" width=\"1024\" height=\"681\" src=\"https:\/\/www.atelier-autruche-chapeaux.com\/wp-content\/uploads\/2026\/02\/Atelier-Autruche-S.-Wesle-Mille-et-une-nuit-credit-photo-Martin-Griffin-1024x681.jpg\" class=\"attachment-large size-large\" alt=\"\" srcset=\"https:\/\/www.atelier-autruche-chapeaux.com\/wp-content\/uploads\/2026\/02\/Atelier-Autruche-S.-Wesle-Mille-et-une-nuit-credit-photo-Martin-Griffin-1024x681.jpg 1024w, https:\/\/www.atelier-autruche-chapeaux.com\/wp-content\/uploads\/2026\/02\/Atelier-Autruche-S.-Wesle-Mille-et-une-nuit-credit-photo-Martin-Griffin-300x200.jpg 300w, https:\/\/www.atelier-autruche-chapeaux.com\/wp-content\/uploads\/2026\/02\/Atelier-Autruche-S.-Wesle-Mille-et-une-nuit-credit-photo-Martin-Griffin-768x511.jpg 768w, https:\/\/www.atelier-autruche-chapeaux.com\/wp-content\/uploads\/2026\/02\/Atelier-Autruche-S.-Wesle-Mille-et-une-nuit-credit-photo-Martin-Griffin-1536x1022.jpg 1536w, https:\/\/www.atelier-autruche-chapeaux.com\/wp-content\/uploads\/2026\/02\/Atelier-Autruche-S.-Wesle-Mille-et-une-nuit-credit-photo-Martin-Griffin-2048x1363.jpg 2048w\" sizes=\"(max-width: 1024px) 100vw, 1024px\" \/><\/a>\n\t\t\t<\/div><\/figure><figure class='gallery-item'>\n\t\t\t<div class='gallery-icon landscape'>\n\t\t\t\t<a data-elementor-open-lightbox=\"yes\" data-elementor-lightbox-slideshow=\"ff567e2\" data-elementor-lightbox-title=\"Atelier Autruche, S. Wesle, N\u00e9buleuse, d\u00e9coration cr\u00e9dit photo Martin Griffin\" data-e-action-hash=\"#elementor-action%3Aaction%3Dlightbox%26settings%3DeyJpZCI6MTIzOCwidXJsIjoiaHR0cHM6XC9cL3d3dy5hdGVsaWVyLWF1dHJ1Y2hlLWNoYXBlYXV4LmNvbVwvd3AtY29udGVudFwvdXBsb2Fkc1wvMjAyNlwvMDJcL0F0ZWxpZXItQXV0cnVjaGUtUy4tV2VzbGUtTmVidWxldXNlLWRlY29yYXRpb24tY3JlZGl0LXBob3RvLU1hcnRpbi1HcmlmZmluLTEtc2NhbGVkLmpwZyIsInNsaWRlc2hvdyI6ImZmNTY3ZTIifQ%3D%3D\" href='https:\/\/www.atelier-autruche-chapeaux.com\/wp-content\/uploads\/2026\/02\/Atelier-Autruche-S.-Wesle-Nebuleuse-decoration-credit-photo-Martin-Griffin-1-scaled.jpg'><img decoding=\"async\" width=\"1024\" height=\"681\" src=\"https:\/\/www.atelier-autruche-chapeaux.com\/wp-content\/uploads\/2026\/02\/Atelier-Autruche-S.-Wesle-Nebuleuse-decoration-credit-photo-Martin-Griffin-1-1024x681.jpg\" class=\"attachment-large size-large\" alt=\"\" srcset=\"https:\/\/www.atelier-autruche-chapeaux.com\/wp-content\/uploads\/2026\/02\/Atelier-Autruche-S.-Wesle-Nebuleuse-decoration-credit-photo-Martin-Griffin-1-1024x681.jpg 1024w, https:\/\/www.atelier-autruche-chapeaux.com\/wp-content\/uploads\/2026\/02\/Atelier-Autruche-S.-Wesle-Nebuleuse-decoration-credit-photo-Martin-Griffin-1-300x200.jpg 300w, https:\/\/www.atelier-autruche-chapeaux.com\/wp-content\/uploads\/2026\/02\/Atelier-Autruche-S.-Wesle-Nebuleuse-decoration-credit-photo-Martin-Griffin-1-768x511.jpg 768w, https:\/\/www.atelier-autruche-chapeaux.com\/wp-content\/uploads\/2026\/02\/Atelier-Autruche-S.-Wesle-Nebuleuse-decoration-credit-photo-Martin-Griffin-1-1536x1022.jpg 1536w, https:\/\/www.atelier-autruche-chapeaux.com\/wp-content\/uploads\/2026\/02\/Atelier-Autruche-S.-Wesle-Nebuleuse-decoration-credit-photo-Martin-Griffin-1-2048x1363.jpg 2048w\" sizes=\"(max-width: 1024px) 100vw, 1024px\" \/><\/a>\n\t\t\t<\/div><\/figure><figure class='gallery-item'>\n\t\t\t<div class='gallery-icon landscape'>\n\t\t\t\t<a data-elementor-open-lightbox=\"yes\" data-elementor-lightbox-slideshow=\"ff567e2\" data-elementor-lightbox-title=\"8\" data-e-action-hash=\"#elementor-action%3Aaction%3Dlightbox%26settings%3DeyJpZCI6NzU4LCJ1cmwiOiJodHRwczpcL1wvd3d3LmF0ZWxpZXItYXV0cnVjaGUtY2hhcGVhdXguY29tXC93cC1jb250ZW50XC91cGxvYWRzXC8yMDI1XC8wMlwvOC5qcGciLCJzbGlkZXNob3ciOiJmZjU2N2UyIn0%3D\" href='https:\/\/www.atelier-autruche-chapeaux.com\/wp-content\/uploads\/2025\/02\/8.jpg'><img loading=\"lazy\" decoding=\"async\" width=\"1000\" height=\"1000\" src=\"https:\/\/www.atelier-autruche-chapeaux.com\/wp-content\/uploads\/2025\/02\/8.jpg\" class=\"attachment-large size-large\" alt=\"\" aria-describedby=\"gallery-1-758\" srcset=\"https:\/\/www.atelier-autruche-chapeaux.com\/wp-content\/uploads\/2025\/02\/8.jpg 1000w, https:\/\/www.atelier-autruche-chapeaux.com\/wp-content\/uploads\/2025\/02\/8-300x300.jpg 300w, https:\/\/www.atelier-autruche-chapeaux.com\/wp-content\/uploads\/2025\/02\/8-150x150.jpg 150w, https:\/\/www.atelier-autruche-chapeaux.com\/wp-content\/uploads\/2025\/02\/8-768x768.jpg 768w\" sizes=\"(max-width: 1000px) 100vw, 1000px\" \/><\/a>\n\t\t\t<\/div>\n\t\t\t\t<figcaption class='wp-caption-text gallery-caption' id='gallery-1-758'>\n\t\t\t\tComme sur un nuage, chapeau en plumes\n\t\t\t\t<\/figcaption><\/figure><figure class='gallery-item'>\n\t\t\t<div class='gallery-icon landscape'>\n\t\t\t\t<a data-elementor-open-lightbox=\"yes\" data-elementor-lightbox-slideshow=\"ff567e2\" data-elementor-lightbox-title=\"5\" data-e-action-hash=\"#elementor-action%3Aaction%3Dlightbox%26settings%3DeyJpZCI6NzU1LCJ1cmwiOiJodHRwczpcL1wvd3d3LmF0ZWxpZXItYXV0cnVjaGUtY2hhcGVhdXguY29tXC93cC1jb250ZW50XC91cGxvYWRzXC8yMDI1XC8wMlwvNS5qcGciLCJzbGlkZXNob3ciOiJmZjU2N2UyIn0%3D\" href='https:\/\/www.atelier-autruche-chapeaux.com\/wp-content\/uploads\/2025\/02\/5.jpg'><img loading=\"lazy\" decoding=\"async\" width=\"1000\" height=\"1000\" src=\"https:\/\/www.atelier-autruche-chapeaux.com\/wp-content\/uploads\/2025\/02\/5.jpg\" class=\"attachment-large size-large\" alt=\"\" aria-describedby=\"gallery-1-755\" srcset=\"https:\/\/www.atelier-autruche-chapeaux.com\/wp-content\/uploads\/2025\/02\/5.jpg 1000w, https:\/\/www.atelier-autruche-chapeaux.com\/wp-content\/uploads\/2025\/02\/5-300x300.jpg 300w, https:\/\/www.atelier-autruche-chapeaux.com\/wp-content\/uploads\/2025\/02\/5-150x150.jpg 150w, https:\/\/www.atelier-autruche-chapeaux.com\/wp-content\/uploads\/2025\/02\/5-768x768.jpg 768w\" sizes=\"(max-width: 1000px) 100vw, 1000px\" \/><\/a>\n\t\t\t<\/div>\n\t\t\t\t<figcaption class='wp-caption-text gallery-caption' id='gallery-1-755'>\n\t\t\t\tBelle de nuit, broche diam.8 cm\n\t\t\t\t<\/figcaption><\/figure><figure class='gallery-item'>\n\t\t\t<div class='gallery-icon landscape'>\n\t\t\t\t<a data-elementor-open-lightbox=\"yes\" data-elementor-lightbox-slideshow=\"ff567e2\" data-elementor-lightbox-title=\"3\" data-e-action-hash=\"#elementor-action%3Aaction%3Dlightbox%26settings%3DeyJpZCI6NzUzLCJ1cmwiOiJodHRwczpcL1wvd3d3LmF0ZWxpZXItYXV0cnVjaGUtY2hhcGVhdXguY29tXC93cC1jb250ZW50XC91cGxvYWRzXC8yMDI1XC8wMlwvMy5qcGciLCJzbGlkZXNob3ciOiJmZjU2N2UyIn0%3D\" href='https:\/\/www.atelier-autruche-chapeaux.com\/wp-content\/uploads\/2025\/02\/3.jpg'><img loading=\"lazy\" decoding=\"async\" width=\"1000\" height=\"1000\" src=\"https:\/\/www.atelier-autruche-chapeaux.com\/wp-content\/uploads\/2025\/02\/3.jpg\" class=\"attachment-large size-large\" alt=\"\" srcset=\"https:\/\/www.atelier-autruche-chapeaux.com\/wp-content\/uploads\/2025\/02\/3.jpg 1000w, https:\/\/www.atelier-autruche-chapeaux.com\/wp-content\/uploads\/2025\/02\/3-300x300.jpg 300w, https:\/\/www.atelier-autruche-chapeaux.com\/wp-content\/uploads\/2025\/02\/3-150x150.jpg 150w, https:\/\/www.atelier-autruche-chapeaux.com\/wp-content\/uploads\/2025\/02\/3-768x768.jpg 768w\" sizes=\"(max-width: 1000px) 100vw, 1000px\" \/><\/a>\n\t\t\t<\/div><\/figure><figure class='gallery-item'>\n\t\t\t<div class='gallery-icon landscape'>\n\t\t\t\t<a data-elementor-open-lightbox=\"yes\" data-elementor-lightbox-slideshow=\"ff567e2\" data-elementor-lightbox-title=\"1\" data-e-action-hash=\"#elementor-action%3Aaction%3Dlightbox%26settings%3DeyJpZCI6NzUxLCJ1cmwiOiJodHRwczpcL1wvd3d3LmF0ZWxpZXItYXV0cnVjaGUtY2hhcGVhdXguY29tXC93cC1jb250ZW50XC91cGxvYWRzXC8yMDI1XC8wMlwvMS5qcGciLCJzbGlkZXNob3ciOiJmZjU2N2UyIn0%3D\" href='https:\/\/www.atelier-autruche-chapeaux.com\/wp-content\/uploads\/2025\/02\/1.jpg'><img loading=\"lazy\" decoding=\"async\" width=\"1000\" height=\"1000\" src=\"https:\/\/www.atelier-autruche-chapeaux.com\/wp-content\/uploads\/2025\/02\/1.jpg\" class=\"attachment-large size-large\" alt=\"\" aria-describedby=\"gallery-1-751\" srcset=\"https:\/\/www.atelier-autruche-chapeaux.com\/wp-content\/uploads\/2025\/02\/1.jpg 1000w, https:\/\/www.atelier-autruche-chapeaux.com\/wp-content\/uploads\/2025\/02\/1-300x300.jpg 300w, https:\/\/www.atelier-autruche-chapeaux.com\/wp-content\/uploads\/2025\/02\/1-150x150.jpg 150w, https:\/\/www.atelier-autruche-chapeaux.com\/wp-content\/uploads\/2025\/02\/1-768x768.jpg 768w\" sizes=\"(max-width: 1000px) 100vw, 1000px\" \/><\/a>\n\t\t\t<\/div>\n\t\t\t\t<figcaption class='wp-caption-text gallery-caption' id='gallery-1-751'>\n\t\t\t\tFleur d&rsquo;automne, broche diam. 9 cm\n\t\t\t\t<\/figcaption><\/figure><figure class='gallery-item'>\n\t\t\t<div class='gallery-icon landscape'>\n\t\t\t\t<a data-elementor-open-lightbox=\"yes\" data-elementor-lightbox-slideshow=\"ff567e2\" data-elementor-lightbox-title=\"2\" data-e-action-hash=\"#elementor-action%3Aaction%3Dlightbox%26settings%3DeyJpZCI6NzUyLCJ1cmwiOiJodHRwczpcL1wvd3d3LmF0ZWxpZXItYXV0cnVjaGUtY2hhcGVhdXguY29tXC93cC1jb250ZW50XC91cGxvYWRzXC8yMDI1XC8wMlwvMi5qcGciLCJzbGlkZXNob3ciOiJmZjU2N2UyIn0%3D\" href='https:\/\/www.atelier-autruche-chapeaux.com\/wp-content\/uploads\/2025\/02\/2.jpg'><img loading=\"lazy\" decoding=\"async\" width=\"1000\" height=\"1000\" src=\"https:\/\/www.atelier-autruche-chapeaux.com\/wp-content\/uploads\/2025\/02\/2.jpg\" class=\"attachment-large size-large\" alt=\"\" aria-describedby=\"gallery-1-752\" srcset=\"https:\/\/www.atelier-autruche-chapeaux.com\/wp-content\/uploads\/2025\/02\/2.jpg 1000w, https:\/\/www.atelier-autruche-chapeaux.com\/wp-content\/uploads\/2025\/02\/2-300x300.jpg 300w, https:\/\/www.atelier-autruche-chapeaux.com\/wp-content\/uploads\/2025\/02\/2-150x150.jpg 150w, https:\/\/www.atelier-autruche-chapeaux.com\/wp-content\/uploads\/2025\/02\/2-768x768.jpg 768w\" sizes=\"(max-width: 1000px) 100vw, 1000px\" \/><\/a>\n\t\t\t<\/div>\n\t\t\t\t<figcaption class='wp-caption-text gallery-caption' id='gallery-1-752'>\n\t\t\t\tbroche en plumes de marabout, coq et faisan argent\u00e9\n\t\t\t\t<\/figcaption><\/figure><figure class='gallery-item'>\n\t\t\t<div class='gallery-icon landscape'>\n\t\t\t\t<a data-elementor-open-lightbox=\"yes\" data-elementor-lightbox-slideshow=\"ff567e2\" data-elementor-lightbox-title=\"4\" data-e-action-hash=\"#elementor-action%3Aaction%3Dlightbox%26settings%3DeyJpZCI6NzU0LCJ1cmwiOiJodHRwczpcL1wvd3d3LmF0ZWxpZXItYXV0cnVjaGUtY2hhcGVhdXguY29tXC93cC1jb250ZW50XC91cGxvYWRzXC8yMDI1XC8wMlwvNC5qcGciLCJzbGlkZXNob3ciOiJmZjU2N2UyIn0%3D\" href='https:\/\/www.atelier-autruche-chapeaux.com\/wp-content\/uploads\/2025\/02\/4.jpg'><img loading=\"lazy\" decoding=\"async\" width=\"1000\" height=\"1000\" src=\"https:\/\/www.atelier-autruche-chapeaux.com\/wp-content\/uploads\/2025\/02\/4.jpg\" class=\"attachment-large size-large\" alt=\"\" aria-describedby=\"gallery-1-754\" srcset=\"https:\/\/www.atelier-autruche-chapeaux.com\/wp-content\/uploads\/2025\/02\/4.jpg 1000w, https:\/\/www.atelier-autruche-chapeaux.com\/wp-content\/uploads\/2025\/02\/4-300x300.jpg 300w, https:\/\/www.atelier-autruche-chapeaux.com\/wp-content\/uploads\/2025\/02\/4-150x150.jpg 150w, https:\/\/www.atelier-autruche-chapeaux.com\/wp-content\/uploads\/2025\/02\/4-768x768.jpg 768w\" sizes=\"(max-width: 1000px) 100vw, 1000px\" \/><\/a>\n\t\t\t<\/div>\n\t\t\t\t<figcaption class='wp-caption-text gallery-caption' id='gallery-1-754'>\n\t\t\t\tbroche en faisan commun, perdrix et coq\n\t\t\t\t<\/figcaption><\/figure><figure class='gallery-item'>\n\t\t\t<div class='gallery-icon landscape'>\n\t\t\t\t<a data-elementor-open-lightbox=\"yes\" data-elementor-lightbox-slideshow=\"ff567e2\" data-elementor-lightbox-title=\"6\" data-e-action-hash=\"#elementor-action%3Aaction%3Dlightbox%26settings%3DeyJpZCI6NzU2LCJ1cmwiOiJodHRwczpcL1wvd3d3LmF0ZWxpZXItYXV0cnVjaGUtY2hhcGVhdXguY29tXC93cC1jb250ZW50XC91cGxvYWRzXC8yMDI1XC8wMlwvNi5qcGciLCJzbGlkZXNob3ciOiJmZjU2N2UyIn0%3D\" href='https:\/\/www.atelier-autruche-chapeaux.com\/wp-content\/uploads\/2025\/02\/6.jpg'><img loading=\"lazy\" decoding=\"async\" width=\"1000\" height=\"1000\" src=\"https:\/\/www.atelier-autruche-chapeaux.com\/wp-content\/uploads\/2025\/02\/6.jpg\" class=\"attachment-large size-large\" alt=\"\" aria-describedby=\"gallery-1-756\" srcset=\"https:\/\/www.atelier-autruche-chapeaux.com\/wp-content\/uploads\/2025\/02\/6.jpg 1000w, https:\/\/www.atelier-autruche-chapeaux.com\/wp-content\/uploads\/2025\/02\/6-300x300.jpg 300w, https:\/\/www.atelier-autruche-chapeaux.com\/wp-content\/uploads\/2025\/02\/6-150x150.jpg 150w, https:\/\/www.atelier-autruche-chapeaux.com\/wp-content\/uploads\/2025\/02\/6-768x768.jpg 768w\" sizes=\"(max-width: 1000px) 100vw, 1000px\" \/><\/a>\n\t\t\t<\/div>\n\t\t\t\t<figcaption class='wp-caption-text gallery-caption' id='gallery-1-756'>\n\t\t\t\tGentiane, broche\n\t\t\t\t<\/figcaption><\/figure><figure class='gallery-item'>\n\t\t\t<div class='gallery-icon landscape'>\n\t\t\t\t<a data-elementor-open-lightbox=\"yes\" data-elementor-lightbox-slideshow=\"ff567e2\" data-elementor-lightbox-title=\"7\" data-e-action-hash=\"#elementor-action%3Aaction%3Dlightbox%26settings%3DeyJpZCI6NzU3LCJ1cmwiOiJodHRwczpcL1wvd3d3LmF0ZWxpZXItYXV0cnVjaGUtY2hhcGVhdXguY29tXC93cC1jb250ZW50XC91cGxvYWRzXC8yMDI1XC8wMlwvNy5qcGciLCJzbGlkZXNob3ciOiJmZjU2N2UyIn0%3D\" href='https:\/\/www.atelier-autruche-chapeaux.com\/wp-content\/uploads\/2025\/02\/7.jpg'><img loading=\"lazy\" decoding=\"async\" width=\"1000\" height=\"1000\" src=\"https:\/\/www.atelier-autruche-chapeaux.com\/wp-content\/uploads\/2025\/02\/7.jpg\" class=\"attachment-large size-large\" alt=\"\" aria-describedby=\"gallery-1-757\" srcset=\"https:\/\/www.atelier-autruche-chapeaux.com\/wp-content\/uploads\/2025\/02\/7.jpg 1000w, https:\/\/www.atelier-autruche-chapeaux.com\/wp-content\/uploads\/2025\/02\/7-300x300.jpg 300w, https:\/\/www.atelier-autruche-chapeaux.com\/wp-content\/uploads\/2025\/02\/7-150x150.jpg 150w, https:\/\/www.atelier-autruche-chapeaux.com\/wp-content\/uploads\/2025\/02\/7-768x768.jpg 768w\" sizes=\"(max-width: 1000px) 100vw, 1000px\" \/><\/a>\n\t\t\t<\/div>\n\t\t\t\t<figcaption class='wp-caption-text gallery-caption' id='gallery-1-757'>\n\t\t\t\tEdelweiss, broche, diam. 9 cm\n\t\t\t\t<\/figcaption><\/figure>\n\t\t<\/div>\n\t\t<\/div>\n\t\t\t\t\t\t<\/div>\n\t\t\t\t<\/div>\n\t\t\t\t<\/div>\n\t\t\t\t<\/div>\n\t\t","protected":false},"excerpt":{"rendered":"<p>Chapeaux, ornements de t\u00eate, broches ou accessoires de cheveux, les plumes illuminent nos visage et nos tenue. Un fragment de nature transform\u00e9, suspendu entre envol et ancrage, entre artisanat d\u2019art et expression po\u00e9tique.\u00a0 Comme sur un nuage, chapeau en plumes Belle de nuit, broche diam.8 cm Fleur d&rsquo;automne, broche diam. 9 cm broche en plumes [&hellip;]<\/p>\n","protected":false},"author":1,"featured_media":0,"parent":0,"menu_order":0,"comment_status":"closed","ping_status":"closed","template":"page-templates\/full-width.php","meta":{"footnotes":""},"class_list":["post-729","page","type-page","status-publish","hentry"],"_links":{"self":[{"href":"https:\/\/www.atelier-autruche-chapeaux.com\/index.php\/wp-json\/wp\/v2\/pages\/729","targetHints":{"allow":["GET"]}}],"collection":[{"href":"https:\/\/www.atelier-autruche-chapeaux.com\/index.php\/wp-json\/wp\/v2\/pages"}],"about":[{"href":"https:\/\/www.atelier-autruche-chapeaux.com\/index.php\/wp-json\/wp\/v2\/types\/page"}],"author":[{"embeddable":true,"href":"https:\/\/www.atelier-autruche-chapeaux.com\/index.php\/wp-json\/wp\/v2\/users\/1"}],"replies":[{"embeddable":true,"href":"https:\/\/www.atelier-autruche-chapeaux.com\/index.php\/wp-json\/wp\/v2\/comments?post=729"}],"version-history":[{"count":35,"href":"https:\/\/www.atelier-autruche-chapeaux.com\/index.php\/wp-json\/wp\/v2\/pages\/729\/revisions"}],"predecessor-version":[{"id":1352,"href":"https:\/\/www.atelier-autruche-chapeaux.com\/index.php\/wp-json\/wp\/v2\/pages\/729\/revisions\/1352"}],"wp:attachment":[{"href":"https:\/\/www.atelier-autruche-chapeaux.com\/index.php\/wp-json\/wp\/v2\/media?parent=729"}],"curies":[{"name":"wp","href":"https:\/\/api.w.org\/{rel}","templated":true}]}}